{"id":178,"date":"2023-09-20T19:21:22","date_gmt":"2023-09-20T19:21:22","guid":{"rendered":"https:\/\/bronzeofficial.com\/?page_id=178"},"modified":"2025-11-02T18:06:14","modified_gmt":"2025-11-02T18:06:14","slug":"biography-bronze-heavy-metal-ba","status":"publish","type":"page","link":"https:\/\/bronzeofficial.com\/es\/biography-bronze-heavy-metal-ba\/","title":{"rendered":"BIO"},"content":{"rendered":"<figure class=\"wp-block-image size-large\"><img fetchpriority=\"high\" decoding=\"async\" width=\"1024\" height=\"199\" src=\"https:\/\/bronzeofficial.com\/wp-content\/uploads\/2025\/07\/Bio-Title-for-the-Website-Bio-section-1024x199.png\" alt=\"\" class=\"wp-image-1192\" srcset=\"https:\/\/bronzeofficial.com\/wp-content\/uploads\/2025\/07\/Bio-Title-for-the-Website-Bio-section-1024x199.png 1024w, https:\/\/bronzeofficial.com\/wp-content\/uploads\/2025\/07\/Bio-Title-for-the-Website-Bio-section-400x78.png 400w, https:\/\/bronzeofficial.com\/wp-content\/uploads\/2025\/07\/Bio-Title-for-the-Website-Bio-section-300x58.png 300w, https:\/\/bronzeofficial.com\/wp-content\/uploads\/2025\/07\/Bio-Title-for-the-Website-Bio-section-768x149.png 768w, https:\/\/bronzeofficial.com\/wp-content\/uploads\/2025\/07\/Bio-Title-for-the-Website-Bio-section.png 1139w\" sizes=\"(max-width: 1024px) 100vw, 1024px\" \/><\/figure>\n\n\n\n<p class=\"has-secondary-color has-text-color\">Bronze es una banda internacional de heavy metal  liderada por <strong>Mina Walkure<\/strong> Mina Walkure a las voces. Junto a ella, la aventura de la banda comienza con su hermano <strong>Lap<\/strong> al bajo, con la intenci\u00f3n de reavivar la traidici\u00f3n del heavy metal m\u00e1s cl\u00e1sico, que parec\u00eda no abundar por aquella \u00e9poca. <br><br>La banda se completa con <strong>Cederick Forsberg<\/strong> a la guitarra.<\/p>\n\n\n\n<p><\/p>\n\n\n\n<p class=\"has-secondary-color has-text-color\">En 2016, su EP debut \"Wield Revenge\" fue publicado, recibiendo r\u00e1pidamente una respuesta positiva tanto por parte de los fans como de los medios. Solidificando su presencia en 2020 con su primer larga duraci\u00f3n \"Gods of Death\".<\/p>\n\n\n\n<p><\/p>\n\n\n\n<p class=\"has-secondary-color has-text-color\">Ambos lanzamientos ilustran una fuerte influencia de los sub estilos del heavy metal m\u00e1s cl\u00e1sico de los a\u00f1os 80: epic heavy metal, metal alem\u00e1n, USPM, NWOBHM, neocl\u00e1sico y speed metal, salpicados con elementos de folklore medieval y melodias cl\u00e1sicas.<\/p>\n\n\n\n<p><\/p>\n\n\n\n<p class=\"has-secondary-color has-text-color has-link-color wp-elements-cc4a0ddc81d5ce2d09983be411401ab2\">La est\u00e9tica e imagen de la banda, tanto dentro como fuera del escenario, refleja estos elementos uni\u00e9ndose a la m\u00fasica, gr\u00e1ficos y decoraci\u00f3n para completar la narraci\u00f3n<br><\/p>\n\n\n\n<p class=\"has-secondary-color has-text-color\"><br>En 2023, la banda cambi\u00f3 de nombre a <strong>Bronze, <\/strong>seguido del lanzamiento de su segundo \u00e1lbum,<strong>In Chains and Shadows<\/strong>en 2024.<br><br><\/p>\n\n\n\n<p class=\"has-text-align-center has-secondary-color has-text-color has-link-color wp-elements-6edd5c5c95b868894d47f91a4e191e71\" style=\"font-size:38px\"><strong>THIS IS THE AGE OF BRONZE<\/strong><\/p>\n\n\n\n<div style=\"height:42px\" aria-hidden=\"true\" class=\"wp-block-spacer\"><\/div>\n\n\n\n<p class=\"has-secondary-color has-text-color has-link-color wp-elements-3706c98bcf6cf800e541bea16b7b401d\"><strong>Bronze:<br><\/strong>Mina Walkure - Voz<br>Cederick Forsberg - Guitarra<br>Lap - Bajo<br><br><\/p>\n\n\n\n<figure class=\"wp-block-image size-large is-resized\"><img decoding=\"async\" width=\"1024\" height=\"683\" src=\"https:\/\/bronzeofficial.com\/wp-content\/uploads\/2025\/10\/IMG_1116-1024x683.jpg\" alt=\"\" class=\"wp-image-1304\" style=\"width:672px;height:auto\" srcset=\"https:\/\/bronzeofficial.com\/wp-content\/uploads\/2025\/10\/IMG_1116-1024x683.jpg 1024w, https:\/\/bronzeofficial.com\/wp-content\/uploads\/2025\/10\/IMG_1116-scaled-400x267.jpg 400w, https:\/\/bronzeofficial.com\/wp-content\/uploads\/2025\/10\/IMG_1116-300x200.jpg 300w, https:\/\/bronzeofficial.com\/wp-content\/uploads\/2025\/10\/IMG_1116-768x512.jpg 768w, https:\/\/bronzeofficial.com\/wp-content\/uploads\/2025\/10\/IMG_1116-1536x1024.jpg 1536w, https:\/\/bronzeofficial.com\/wp-content\/uploads\/2025\/10\/IMG_1116-2048x1365.jpg 2048w\" sizes=\"(max-width: 1024px) 100vw, 1024px\" \/><\/figure>\n\n\n\n<p class=\"has-secondary-color has-text-color has-link-color wp-elements-ca694f8834301af7880a7d6abec7f3dd\"><strong>M\u00fasicos en directo:<br><\/strong>Billy Qvarnstr\u00f6m &#8211; drums<br>Emil Westin &#8211; bass<br>Karl L\u00f6fgren &#8211; drums<br>Isak &#8211; bass<br>Casper &#8211; drums<br>Zacke Wikner &#8211; drums<\/p>\n\n\n\n<div style=\"height:112px\" aria-hidden=\"true\" class=\"wp-block-spacer\"><\/div>\n\n\n\n<div class=\"wp-block-columns is-layout-flex wp-container-core-columns-is-layout-9d6595d7 wp-block-columns-is-layout-flex\">\n<div class=\"wp-block-column is-layout-flow wp-block-column-is-layout-flow\"><\/div>\n<\/div>\n\n\n\n<div class=\"wp-block-wpzoom-blocks-social-icons is-style-with-canvas-round\" style=\"--wpz-social-icons-block-item-font-size:18px;--wpz-social-icons-block-item-padding-horizontal:6px;--wpz-social-icons-block-item-padding-vertical:6px;--wpz-social-icons-block-item-margin-horizontal:5px;--wpz-social-icons-block-item-margin-vertical:5px;--wpz-social-icons-block-item-border-radius:50px;--wpz-social-icons-block-label-font-size:16px;--wpz-social-icons-block-label-color:#2e3131;--wpz-social-icons-block-label-color-hover:#2e3131;--wpz-social-icons-alignment:center\"><a href=\"https:\/\/www.facebook.com\/krampmetal\" class=\"social-icon-link\" target=\"_blank\" rel=\"noopener\" title=\"Facebook\" style=\"--wpz-social-icons-block-item-color:#bca340;--wpz-social-icons-block-item-color-hover:#0866FF\"><span class=\"social-icon socicon socicon-facebook\"><\/span><\/a><a href=\"https:\/\/www.instagram.com\/bronzebandofficial\/\" class=\"social-icon-link\" target=\"_blank\" rel=\"noopener\" title=\"Instagram\" style=\"--wpz-social-icons-block-item-color:#bca340;--wpz-social-icons-block-item-color-hover:#E4405F\"><span class=\"social-icon socicon socicon-instagram\"><\/span><\/a><a href=\"https:\/\/open.spotify.com\/artist\/38knDEM0Co8Ndb2JUxoWcT?go=1&amp;sp_cid=feab75df4a0206adb1fb8eada79dd411&amp;utm_source=embed_player_p&amp;utm_medium=desktop&amp;nd=1&amp;dlsi=9ebdf8f1ba6e40a4\" class=\"social-icon-link\" target=\"_blank\" rel=\"noopener\" title=\"Spotify\" style=\"--wpz-social-icons-block-item-color:#bca340;--wpz-social-icons-block-item-color-hover:#1DB954\"><span class=\"social-icon socicon socicon-spotify\"><\/span><\/a><a href=\"https:\/\/bronzeofficial.bandcamp.com\/track\/realm-of-the-damned\" class=\"social-icon-link\" target=\"_blank\" rel=\"noopener\" title=\"Bandcamp\" style=\"--wpz-social-icons-block-item-color:#bca340;--wpz-social-icons-block-item-color-hover:#619aa9\"><span class=\"social-icon socicon socicon-bandcamp\"><\/span><\/a><a href=\"https:\/\/www.tiktok.com\/@bronzebandofficial\" class=\"social-icon-link\" target=\"_blank\" rel=\"noopener\" title=\"Tiktok\" style=\"--wpz-social-icons-block-item-color:#bca340;--wpz-social-icons-block-item-color-hover:#69C9D0\"><span class=\"social-icon socicon socicon-tiktok\"><\/span><\/a><a href=\"https:\/\/www.youtube.com\/channel\/UC5dUDiLAr4SpC_I6O3HtQMA\" class=\"social-icon-link\" target=\"_blank\" rel=\"noopener\" title=\"Youtube\" style=\"--wpz-social-icons-block-item-color:#bca340;--wpz-social-icons-block-item-color-hover:#e02a20\"><span class=\"social-icon socicon socicon-youtube\"><\/span><\/a><\/div>","protected":false},"excerpt":{"rendered":"<p>Bronze is an international traditional heavy metal powerhouse fronted by Mina Walkure on vocals. Alongside her, the band&#8217;s journey began in 2010 with her brother Lap on bass, aiming to revive the classic heavy metal tradition that seemed to be lacking around that time. The band is completed with Cederick Forsberg on guitars. In 2016, [&hellip;]<\/p>\n","protected":false},"author":1,"featured_media":0,"parent":0,"menu_order":0,"comment_status":"closed","ping_status":"closed","template":"","meta":{"_coblocks_attr":"","_coblocks_dimensions":"","_coblocks_responsive_height":"","_coblocks_accordion_ie_support":"","_price":"","_stock":"","_tribe_ticket_header":"","_tribe_default_ticket_provider":"","_tribe_ticket_capacity":"0","_ticket_start_date":"","_ticket_end_date":"","_tribe_ticket_show_description":"","_tribe_ticket_show_not_going":false,"_tribe_ticket_use_global_stock":"","_tribe_ticket_global_stock_level":"","_global_stock_mode":"","_global_stock_cap":"","_tribe_rsvp_for_event":"","_tribe_ticket_going_count":"","_tribe_ticket_not_going_count":"","_tribe_tickets_list":"[]","_tribe_ticket_has_attendee_info_fields":false,"hide_page_title":"","footnotes":"","_tec_slr_enabled":"","_tec_slr_layout":""},"class_list":["post-178","page","type-page","status-publish","hentry"],"yoast_head":"<!-- This site is optimized with the Yoast SEO plugin v27.4 - https:\/\/yoast.com\/product\/yoast-seo-wordpress\/ -->\n<title>BIO - Bronze<\/title>\n<meta name=\"description\" content=\"Bronze, formerly known as Kramp, is an international (Sweden and Spain) % heavy metal band formed by Mina Walkure, Cederick Forsberg, Lap &amp; Billy Qvarnstr\u00f6m.\" \/>\n<meta name=\"robots\" content=\"index, follow, max-snippet:-1, max-image-preview:large, max-video-preview:-1\" \/>\n<link rel=\"canonical\" href=\"https:\/\/bronzeofficial.com\/es\/biography-bronze-heavy-metal-ba\/\" \/>\n<meta property=\"og:locale\" content=\"es_ES\" \/>\n<meta property=\"og:type\" content=\"article\" \/>\n<meta property=\"og:title\" content=\"BIO - Bronze\" \/>\n<meta property=\"og:description\" content=\"Bronze, formerly known as Kramp, is an international (Sweden and Spain) % heavy metal band formed by Mina Walkure, Cederick Forsberg, Lap &amp; Billy Qvarnstr\u00f6m.\" \/>\n<meta property=\"og:url\" content=\"https:\/\/bronzeofficial.com\/es\/biography-bronze-heavy-metal-ba\/\" \/>\n<meta property=\"og:site_name\" content=\"Bronze\" \/>\n<meta property=\"article:modified_time\" content=\"2025-11-02T18:06:14+00:00\" \/>\n<meta property=\"og:image\" content=\"https:\/\/bronzeofficial.com\/wp-content\/uploads\/2025\/07\/Bio-Title-for-the-Website-Bio-section.png\" \/>\n\t<meta property=\"og:image:width\" content=\"1139\" \/>\n\t<meta property=\"og:image:height\" content=\"221\" \/>\n\t<meta property=\"og:image:type\" content=\"image\/png\" \/>\n<meta name=\"twitter:label1\" content=\"Tiempo de lectura\" \/>\n\t<meta name=\"twitter:data1\" content=\"2 minutos\" \/>\n<script type=\"application\/ld+json\" class=\"yoast-schema-graph\">{\"@context\":\"https:\\\/\\\/schema.org\",\"@graph\":[{\"@type\":\"WebPage\",\"@id\":\"https:\\\/\\\/bronzeofficial.com\\\/biography-bronze-heavy-metal-ba\\\/\",\"url\":\"https:\\\/\\\/bronzeofficial.com\\\/biography-bronze-heavy-metal-ba\\\/\",\"name\":\"BIO - Bronze\",\"isPartOf\":{\"@id\":\"https:\\\/\\\/bronzeofficial.com\\\/#website\"},\"primaryImageOfPage\":{\"@id\":\"https:\\\/\\\/bronzeofficial.com\\\/biography-bronze-heavy-metal-ba\\\/#primaryimage\"},\"image\":{\"@id\":\"https:\\\/\\\/bronzeofficial.com\\\/biography-bronze-heavy-metal-ba\\\/#primaryimage\"},\"thumbnailUrl\":\"https:\\\/\\\/bronzeofficial.com\\\/wp-content\\\/uploads\\\/2025\\\/07\\\/Bio-Title-for-the-Website-Bio-section-1024x199.png\",\"datePublished\":\"2023-09-20T19:21:22+00:00\",\"dateModified\":\"2025-11-02T18:06:14+00:00\",\"description\":\"Bronze, formerly known as Kramp, is an international (Sweden and Spain) % heavy metal band formed by Mina Walkure, Cederick Forsberg, Lap & Billy Qvarnstr\u00f6m.\",\"breadcrumb\":{\"@id\":\"https:\\\/\\\/bronzeofficial.com\\\/biography-bronze-heavy-metal-ba\\\/#breadcrumb\"},\"inLanguage\":\"es\",\"potentialAction\":[{\"@type\":\"ReadAction\",\"target\":[\"https:\\\/\\\/bronzeofficial.com\\\/biography-bronze-heavy-metal-ba\\\/\"]}]},{\"@type\":\"ImageObject\",\"inLanguage\":\"es\",\"@id\":\"https:\\\/\\\/bronzeofficial.com\\\/biography-bronze-heavy-metal-ba\\\/#primaryimage\",\"url\":\"https:\\\/\\\/bronzeofficial.com\\\/wp-content\\\/uploads\\\/2025\\\/07\\\/Bio-Title-for-the-Website-Bio-section-1024x199.png\",\"contentUrl\":\"https:\\\/\\\/bronzeofficial.com\\\/wp-content\\\/uploads\\\/2025\\\/07\\\/Bio-Title-for-the-Website-Bio-section-1024x199.png\"},{\"@type\":\"BreadcrumbList\",\"@id\":\"https:\\\/\\\/bronzeofficial.com\\\/biography-bronze-heavy-metal-ba\\\/#breadcrumb\",\"itemListElement\":[{\"@type\":\"ListItem\",\"position\":1,\"name\":\"Portada\",\"item\":\"https:\\\/\\\/bronzeofficial.com\\\/\"},{\"@type\":\"ListItem\",\"position\":2,\"name\":\"BIO\"}]},{\"@type\":\"WebSite\",\"@id\":\"https:\\\/\\\/bronzeofficial.com\\\/#website\",\"url\":\"https:\\\/\\\/bronzeofficial.com\\\/\",\"name\":\"Bronze\",\"description\":\"\",\"alternateName\":\"Bronze\",\"potentialAction\":[{\"@type\":\"SearchAction\",\"target\":{\"@type\":\"EntryPoint\",\"urlTemplate\":\"https:\\\/\\\/bronzeofficial.com\\\/?s={search_term_string}\"},\"query-input\":{\"@type\":\"PropertyValueSpecification\",\"valueRequired\":true,\"valueName\":\"search_term_string\"}}],\"inLanguage\":\"es\"}]}<\/script>\n<!-- \/ Yoast SEO plugin. -->","yoast_head_json":{"title":"BIO - Bronze","description":"Bronze, formerly known as Kramp, is an international (Sweden and Spain) % heavy metal band formed by Mina Walkure, Cederick Forsberg, Lap & Billy Qvarnstr\u00f6m.","robots":{"index":"index","follow":"follow","max-snippet":"max-snippet:-1","max-image-preview":"max-image-preview:large","max-video-preview":"max-video-preview:-1"},"canonical":"https:\/\/bronzeofficial.com\/es\/biography-bronze-heavy-metal-ba\/","og_locale":"es_ES","og_type":"article","og_title":"BIO - Bronze","og_description":"Bronze, formerly known as Kramp, is an international (Sweden and Spain) % heavy metal band formed by Mina Walkure, Cederick Forsberg, Lap & Billy Qvarnstr\u00f6m.","og_url":"https:\/\/bronzeofficial.com\/es\/biography-bronze-heavy-metal-ba\/","og_site_name":"Bronze","article_modified_time":"2025-11-02T18:06:14+00:00","og_image":[{"width":1139,"height":221,"url":"https:\/\/bronzeofficial.com\/wp-content\/uploads\/2025\/07\/Bio-Title-for-the-Website-Bio-section.png","type":"image\/png"}],"twitter_misc":{"Tiempo de lectura":"2 minutos"},"schema":{"@context":"https:\/\/schema.org","@graph":[{"@type":"WebPage","@id":"https:\/\/bronzeofficial.com\/biography-bronze-heavy-metal-ba\/","url":"https:\/\/bronzeofficial.com\/biography-bronze-heavy-metal-ba\/","name":"BIO - Bronze","isPartOf":{"@id":"https:\/\/bronzeofficial.com\/#website"},"primaryImageOfPage":{"@id":"https:\/\/bronzeofficial.com\/biography-bronze-heavy-metal-ba\/#primaryimage"},"image":{"@id":"https:\/\/bronzeofficial.com\/biography-bronze-heavy-metal-ba\/#primaryimage"},"thumbnailUrl":"https:\/\/bronzeofficial.com\/wp-content\/uploads\/2025\/07\/Bio-Title-for-the-Website-Bio-section-1024x199.png","datePublished":"2023-09-20T19:21:22+00:00","dateModified":"2025-11-02T18:06:14+00:00","description":"Bronze, formerly known as Kramp, is an international (Sweden and Spain) % heavy metal band formed by Mina Walkure, Cederick Forsberg, Lap & Billy Qvarnstr\u00f6m.","breadcrumb":{"@id":"https:\/\/bronzeofficial.com\/biography-bronze-heavy-metal-ba\/#breadcrumb"},"inLanguage":"es","potentialAction":[{"@type":"ReadAction","target":["https:\/\/bronzeofficial.com\/biography-bronze-heavy-metal-ba\/"]}]},{"@type":"ImageObject","inLanguage":"es","@id":"https:\/\/bronzeofficial.com\/biography-bronze-heavy-metal-ba\/#primaryimage","url":"https:\/\/bronzeofficial.com\/wp-content\/uploads\/2025\/07\/Bio-Title-for-the-Website-Bio-section-1024x199.png","contentUrl":"https:\/\/bronzeofficial.com\/wp-content\/uploads\/2025\/07\/Bio-Title-for-the-Website-Bio-section-1024x199.png"},{"@type":"BreadcrumbList","@id":"https:\/\/bronzeofficial.com\/biography-bronze-heavy-metal-ba\/#breadcrumb","itemListElement":[{"@type":"ListItem","position":1,"name":"Portada","item":"https:\/\/bronzeofficial.com\/"},{"@type":"ListItem","position":2,"name":"BIO"}]},{"@type":"WebSite","@id":"https:\/\/bronzeofficial.com\/#website","url":"https:\/\/bronzeofficial.com\/","name":"Bronze,","description":"","alternateName":"Bronze","potentialAction":[{"@type":"SearchAction","target":{"@type":"EntryPoint","urlTemplate":"https:\/\/bronzeofficial.com\/?s={search_term_string}"},"query-input":{"@type":"PropertyValueSpecification","valueRequired":true,"valueName":"search_term_string"}}],"inLanguage":"es"}]}},"jetpack_sharing_enabled":true,"ticketed":false,"_links":{"self":[{"href":"https:\/\/bronzeofficial.com\/es\/wp-json\/wp\/v2\/pages\/178","targetHints":{"allow":["GET"]}}],"collection":[{"href":"https:\/\/bronzeofficial.com\/es\/wp-json\/wp\/v2\/pages"}],"about":[{"href":"https:\/\/bronzeofficial.com\/es\/wp-json\/wp\/v2\/types\/page"}],"author":[{"embeddable":true,"href":"https:\/\/bronzeofficial.com\/es\/wp-json\/wp\/v2\/users\/1"}],"replies":[{"embeddable":true,"href":"https:\/\/bronzeofficial.com\/es\/wp-json\/wp\/v2\/comments?post=178"}],"version-history":[{"count":32,"href":"https:\/\/bronzeofficial.com\/es\/wp-json\/wp\/v2\/pages\/178\/revisions"}],"predecessor-version":[{"id":1813,"href":"https:\/\/bronzeofficial.com\/es\/wp-json\/wp\/v2\/pages\/178\/revisions\/1813"}],"wp:attachment":[{"href":"https:\/\/bronzeofficial.com\/es\/wp-json\/wp\/v2\/media?parent=178"}],"curies":[{"name":"wp","href":"https:\/\/api.w.org\/{rel}","templated":true}]}}