{"id":844,"date":"2024-12-18T07:41:41","date_gmt":"2024-12-18T07:41:41","guid":{"rendered":"https:\/\/bronzeofficial.com\/?page_id=844"},"modified":"2025-11-03T23:19:45","modified_gmt":"2025-11-03T23:19:45","slug":"gallery","status":"publish","type":"page","link":"https:\/\/bronzeofficial.com\/es\/gallery\/","title":{"rendered":"GALER\u00cdA"},"content":{"rendered":"<p class=\"has-secondary-color has-text-color has-link-color wp-elements-4c6313826c9feffb5bad553e861b8ccb\">Aqu\u00ed pod\u00e9is encontrar un archivo con fotos de directo, sesiones de fotos y otras im\u00e1genes de la banda.<\/p>\n\n\n\n<figure class=\"wp-block-image size-large has-lightbox\"><a href=\"https:\/\/bronzeofficial.com\/es\/photoshoots\/\"><img fetchpriority=\"high\" decoding=\"async\" width=\"1024\" height=\"199\" src=\"https:\/\/bronzeofficial.com\/wp-content\/uploads\/2025\/11\/image-1-1024x199.png\" alt=\"\" class=\"wp-image-1359\" srcset=\"https:\/\/bronzeofficial.com\/wp-content\/uploads\/2025\/11\/image-1-1024x199.png 1024w, https:\/\/bronzeofficial.com\/wp-content\/uploads\/2025\/11\/image-1-400x78.png 400w, https:\/\/bronzeofficial.com\/wp-content\/uploads\/2025\/11\/image-1-300x58.png 300w, https:\/\/bronzeofficial.com\/wp-content\/uploads\/2025\/11\/image-1-768x149.png 768w, https:\/\/bronzeofficial.com\/wp-content\/uploads\/2025\/11\/image-1-18x3.png 18w, https:\/\/bronzeofficial.com\/wp-content\/uploads\/2025\/11\/image-1.png 1139w\" sizes=\"(max-width: 1024px) 100vw, 1024px\" \/><\/a><\/figure>\n\n\n\n<figure class=\"wp-block-image size-large has-lightbox\"><a href=\"https:\/\/bronzeofficial.com\/es\/live-pictures\/\"><img decoding=\"async\" width=\"1024\" height=\"199\" src=\"https:\/\/bronzeofficial.com\/wp-content\/uploads\/2025\/11\/image-1024x199.png\" alt=\"\" class=\"wp-image-1358\" srcset=\"https:\/\/bronzeofficial.com\/wp-content\/uploads\/2025\/11\/image-1024x199.png 1024w, https:\/\/bronzeofficial.com\/wp-content\/uploads\/2025\/11\/image-400x78.png 400w, https:\/\/bronzeofficial.com\/wp-content\/uploads\/2025\/11\/image-300x58.png 300w, https:\/\/bronzeofficial.com\/wp-content\/uploads\/2025\/11\/image-768x149.png 768w, https:\/\/bronzeofficial.com\/wp-content\/uploads\/2025\/11\/image-18x3.png 18w, https:\/\/bronzeofficial.com\/wp-content\/uploads\/2025\/11\/image.png 1139w\" sizes=\"(max-width: 1024px) 100vw, 1024px\" \/><\/a><\/figure>\n\n\n\n<p><\/p>","protected":false},"excerpt":{"rendered":"<p>Aqu\u00ed pod\u00e9is encontrar un archivo con fotos de directo, sesiones de fotos y otras im\u00e1genes de la banda.<\/p>","protected":false},"author":1,"featured_media":0,"parent":0,"menu_order":0,"comment_status":"closed","ping_status":"closed","template":"","meta":{"_coblocks_attr":"","_coblocks_dimensions":"","_coblocks_responsive_height":"","_coblocks_accordion_ie_support":"","_price":"","_stock":"","_tribe_ticket_header":"","_tribe_default_ticket_provider":"","_tribe_ticket_capacity":"0","_ticket_start_date":"","_ticket_end_date":"","_tribe_ticket_show_description":"","_tribe_ticket_show_not_going":false,"_tribe_ticket_use_global_stock":"","_tribe_ticket_global_stock_level":"","_global_stock_mode":"","_global_stock_cap":"","_tribe_rsvp_for_event":"","_tribe_ticket_going_count":"","_tribe_ticket_not_going_count":"","_tribe_tickets_list":"[]","_tribe_ticket_has_attendee_info_fields":false,"hide_page_title":"","footnotes":"","_tec_slr_enabled":"","_tec_slr_layout":""},"class_list":["post-844","page","type-page","status-publish","hentry"],"yoast_head":"<!-- This site is optimized with the Yoast SEO plugin v27.4 - https:\/\/yoast.com\/product\/yoast-seo-wordpress\/ -->\n<title>GALLERY - Bronze<\/title>\n<meta name=\"robots\" content=\"index, follow, max-snippet:-1, max-image-preview:large, max-video-preview:-1\" \/>\n<link rel=\"canonical\" href=\"https:\/\/bronzeofficial.com\/es\/gallery\/\" \/>\n<meta property=\"og:locale\" content=\"es_ES\" \/>\n<meta property=\"og:type\" content=\"article\" \/>\n<meta property=\"og:title\" content=\"GALLERY - Bronze\" \/>\n<meta property=\"og:description\" content=\"Here you can find an archive of live pictures, photoshoots, and other images of the band.\" \/>\n<meta property=\"og:url\" content=\"https:\/\/bronzeofficial.com\/es\/gallery\/\" \/>\n<meta property=\"og:site_name\" content=\"Bronze\" \/>\n<meta property=\"article:modified_time\" content=\"2025-11-03T23:19:45+00:00\" \/>\n<meta property=\"og:image\" content=\"https:\/\/bronzeofficial.com\/wp-content\/uploads\/2025\/11\/image-1.png\" \/>\n\t<meta property=\"og:image:width\" content=\"1139\" \/>\n\t<meta property=\"og:image:height\" content=\"221\" \/>\n\t<meta property=\"og:image:type\" content=\"image\/png\" \/>\n<meta name=\"twitter:label1\" content=\"Tiempo de lectura\" \/>\n\t<meta name=\"twitter:data1\" content=\"1 minuto\" \/>\n<script type=\"application\/ld+json\" class=\"yoast-schema-graph\">{\"@context\":\"https:\\\/\\\/schema.org\",\"@graph\":[{\"@type\":\"WebPage\",\"@id\":\"https:\\\/\\\/bronzeofficial.com\\\/gallery\\\/\",\"url\":\"https:\\\/\\\/bronzeofficial.com\\\/gallery\\\/\",\"name\":\"GALLERY - Bronze\",\"isPartOf\":{\"@id\":\"https:\\\/\\\/bronzeofficial.com\\\/#website\"},\"primaryImageOfPage\":{\"@id\":\"https:\\\/\\\/bronzeofficial.com\\\/gallery\\\/#primaryimage\"},\"image\":{\"@id\":\"https:\\\/\\\/bronzeofficial.com\\\/gallery\\\/#primaryimage\"},\"thumbnailUrl\":\"https:\\\/\\\/bronzeofficial.com\\\/wp-content\\\/uploads\\\/2025\\\/11\\\/image-1-1024x199.png\",\"datePublished\":\"2024-12-18T07:41:41+00:00\",\"dateModified\":\"2025-11-03T23:19:45+00:00\",\"breadcrumb\":{\"@id\":\"https:\\\/\\\/bronzeofficial.com\\\/gallery\\\/#breadcrumb\"},\"inLanguage\":\"es\",\"potentialAction\":[{\"@type\":\"ReadAction\",\"target\":[\"https:\\\/\\\/bronzeofficial.com\\\/gallery\\\/\"]}]},{\"@type\":\"ImageObject\",\"inLanguage\":\"es\",\"@id\":\"https:\\\/\\\/bronzeofficial.com\\\/gallery\\\/#primaryimage\",\"url\":\"https:\\\/\\\/bronzeofficial.com\\\/wp-content\\\/uploads\\\/2025\\\/11\\\/image-1-1024x199.png\",\"contentUrl\":\"https:\\\/\\\/bronzeofficial.com\\\/wp-content\\\/uploads\\\/2025\\\/11\\\/image-1-1024x199.png\"},{\"@type\":\"BreadcrumbList\",\"@id\":\"https:\\\/\\\/bronzeofficial.com\\\/gallery\\\/#breadcrumb\",\"itemListElement\":[{\"@type\":\"ListItem\",\"position\":1,\"name\":\"Portada\",\"item\":\"https:\\\/\\\/bronzeofficial.com\\\/\"},{\"@type\":\"ListItem\",\"position\":2,\"name\":\"GALLERY\"}]},{\"@type\":\"WebSite\",\"@id\":\"https:\\\/\\\/bronzeofficial.com\\\/#website\",\"url\":\"https:\\\/\\\/bronzeofficial.com\\\/\",\"name\":\"Bronze\",\"description\":\"\",\"alternateName\":\"Bronze\",\"potentialAction\":[{\"@type\":\"SearchAction\",\"target\":{\"@type\":\"EntryPoint\",\"urlTemplate\":\"https:\\\/\\\/bronzeofficial.com\\\/?s={search_term_string}\"},\"query-input\":{\"@type\":\"PropertyValueSpecification\",\"valueRequired\":true,\"valueName\":\"search_term_string\"}}],\"inLanguage\":\"es\"}]}<\/script>\n<!-- \/ Yoast SEO plugin. -->","yoast_head_json":{"title":"GALLERY - Bronze","robots":{"index":"index","follow":"follow","max-snippet":"max-snippet:-1","max-image-preview":"max-image-preview:large","max-video-preview":"max-video-preview:-1"},"canonical":"https:\/\/bronzeofficial.com\/es\/gallery\/","og_locale":"es_ES","og_type":"article","og_title":"GALLERY - Bronze","og_description":"Here you can find an archive of live pictures, photoshoots, and other images of the band.","og_url":"https:\/\/bronzeofficial.com\/es\/gallery\/","og_site_name":"Bronze","article_modified_time":"2025-11-03T23:19:45+00:00","og_image":[{"width":1139,"height":221,"url":"https:\/\/bronzeofficial.com\/wp-content\/uploads\/2025\/11\/image-1.png","type":"image\/png"}],"twitter_misc":{"Tiempo de lectura":"1 minuto"},"schema":{"@context":"https:\/\/schema.org","@graph":[{"@type":"WebPage","@id":"https:\/\/bronzeofficial.com\/gallery\/","url":"https:\/\/bronzeofficial.com\/gallery\/","name":"GALLERY - Bronze","isPartOf":{"@id":"https:\/\/bronzeofficial.com\/#website"},"primaryImageOfPage":{"@id":"https:\/\/bronzeofficial.com\/gallery\/#primaryimage"},"image":{"@id":"https:\/\/bronzeofficial.com\/gallery\/#primaryimage"},"thumbnailUrl":"https:\/\/bronzeofficial.com\/wp-content\/uploads\/2025\/11\/image-1-1024x199.png","datePublished":"2024-12-18T07:41:41+00:00","dateModified":"2025-11-03T23:19:45+00:00","breadcrumb":{"@id":"https:\/\/bronzeofficial.com\/gallery\/#breadcrumb"},"inLanguage":"es","potentialAction":[{"@type":"ReadAction","target":["https:\/\/bronzeofficial.com\/gallery\/"]}]},{"@type":"ImageObject","inLanguage":"es","@id":"https:\/\/bronzeofficial.com\/gallery\/#primaryimage","url":"https:\/\/bronzeofficial.com\/wp-content\/uploads\/2025\/11\/image-1-1024x199.png","contentUrl":"https:\/\/bronzeofficial.com\/wp-content\/uploads\/2025\/11\/image-1-1024x199.png"},{"@type":"BreadcrumbList","@id":"https:\/\/bronzeofficial.com\/gallery\/#breadcrumb","itemListElement":[{"@type":"ListItem","position":1,"name":"Portada","item":"https:\/\/bronzeofficial.com\/"},{"@type":"ListItem","position":2,"name":"GALLERY"}]},{"@type":"WebSite","@id":"https:\/\/bronzeofficial.com\/#website","url":"https:\/\/bronzeofficial.com\/","name":"Bronze,","description":"","alternateName":"Bronze","potentialAction":[{"@type":"SearchAction","target":{"@type":"EntryPoint","urlTemplate":"https:\/\/bronzeofficial.com\/?s={search_term_string}"},"query-input":{"@type":"PropertyValueSpecification","valueRequired":true,"valueName":"search_term_string"}}],"inLanguage":"es"}]}},"jetpack_sharing_enabled":true,"ticketed":false,"_links":{"self":[{"href":"https:\/\/bronzeofficial.com\/es\/wp-json\/wp\/v2\/pages\/844","targetHints":{"allow":["GET"]}}],"collection":[{"href":"https:\/\/bronzeofficial.com\/es\/wp-json\/wp\/v2\/pages"}],"about":[{"href":"https:\/\/bronzeofficial.com\/es\/wp-json\/wp\/v2\/types\/page"}],"author":[{"embeddable":true,"href":"https:\/\/bronzeofficial.com\/es\/wp-json\/wp\/v2\/users\/1"}],"replies":[{"embeddable":true,"href":"https:\/\/bronzeofficial.com\/es\/wp-json\/wp\/v2\/comments?post=844"}],"version-history":[{"count":5,"href":"https:\/\/bronzeofficial.com\/es\/wp-json\/wp\/v2\/pages\/844\/revisions"}],"predecessor-version":[{"id":1360,"href":"https:\/\/bronzeofficial.com\/es\/wp-json\/wp\/v2\/pages\/844\/revisions\/1360"}],"wp:attachment":[{"href":"https:\/\/bronzeofficial.com\/es\/wp-json\/wp\/v2\/media?parent=844"}],"curies":[{"name":"wp","href":"https:\/\/api.w.org\/{rel}","templated":true}]}}